{"id":27,"date":"2017-08-04T19:30:49","date_gmt":"2017-08-04T19:30:49","guid":{"rendered":"https:\/\/ic-esimeculhuacan.net\/metodologia\/?page_id=27"},"modified":"2022-07-02T16:41:04","modified_gmt":"2022-07-02T21:41:04","slug":"eleccion-de-tema","status":"publish","type":"page","link":"https:\/\/ic-esimeculhuacan.mx\/metodologia\/temas-interesantes\/eleccion-de-tema\/","title":{"rendered":"Elecci\u00f3n de Tema"},"content":{"rendered":"<p><img loading=\"lazy\" decoding=\"async\" class=\" wp-image-29 aligncenter\" src=\"https:\/\/ic-esimeculhuacan.net\/metodologia\/wp-content\/uploads\/2017\/08\/ideaproy-300x225.jpg\" alt=\"\" width=\"137\" height=\"103\" srcset=\"https:\/\/ic-esimeculhuacan.mx\/metodologia\/wp-content\/uploads\/2017\/08\/ideaproy-300x225.jpg 300w, https:\/\/ic-esimeculhuacan.mx\/metodologia\/wp-content\/uploads\/2017\/08\/ideaproy.jpg 440w\" sizes=\"(max-width: 137px) 100vw, 137px\" \/><\/p>\n<p>&nbsp;<\/p>\n<h3>La elecci\u00f3n de tema est\u00e1 vinculada al problema de investigaci\u00f3n, ya que cuando observamos nuestro entorno, siempre habr\u00e1 problemas. Esto quiere decir que siempre hay situaciones que pueden mejorar o resolverse cuando se utilizan las habilidades con que el individuo cuenta.<\/h3>\n<h3><\/h3>\n<h3>Un problema es una situaci\u00f3n que no funciona bien, o bien, una situaci\u00f3n que podr\u00eda mejorar con la intervenci\u00f3n de un Ingeniero en Computaci\u00f3n.<\/h3>\n<h3><\/h3>\n<p style=\"text-align: center;\"><a href=\"https:\/\/ic-esimeculhuacan.net\/metodologia\/wp-content\/uploads\/2018\/08\/12-Pasos-iniciales-copy.pdf\" class=\"pdfemb-viewer\" style=\"width: 600px; \" data-width=\"600\" data-height=\"max\"  data-toolbar=\"top\" data-toolbar-fixed=\"on\">12 Pasos iniciales copy<br\/><\/a><\/p>\n<p>&nbsp;<\/p>\n<h3>Por otro lado, si analizan bien su \u00e1rea de inter\u00e9s e identifican muy bien las habilidades con que cuentan como Ingenieros en computaci\u00f3n, entonces pueden ubicar perfectamente la existencia de problemas en esa su \u00e1rea de inter\u00e9s.<\/h3>\n<h3><\/h3>\n<h3>Una vez detectado el problema (situaci\u00f3n) que quieran resolver\/mejorar, encuentran tambi\u00e9n su tema de tesina.<\/h3>\n<p>&nbsp;<\/p>\n<p style=\"text-align: center;\"><a href=\"https:\/\/ic-esimeculhuacan.net\/metodologia\/temas-interesantes\/\"><img loading=\"lazy\" decoding=\"async\" class=\"alignright size-full wp-image-360\" src=\"https:\/\/ic-esimeculhuacan.net\/metodologia\/wp-content\/uploads\/2020\/08\/temasinter.png\" alt=\"\" width=\"101\" height=\"62\" \/><\/a><\/p>\n","protected":false},"excerpt":{"rendered":"<p>&nbsp; La elecci\u00f3n de tema est\u00e1 vinculada al problema de investigaci\u00f3n, ya que cuando observamos nuestro entorno, siempre habr\u00e1 problemas. Esto quiere decir que siempre hay situaciones que pueden mejorar o resolverse cuando se utilizan las habilidades con que el individuo cuenta. Un problema es una situaci\u00f3n que no funciona bien, o bien, una situaci\u00f3n&hellip;<\/p>\n<p class=\"more-link\"><a href=\"https:\/\/ic-esimeculhuacan.mx\/metodologia\/temas-interesantes\/eleccion-de-tema\/\" class=\"themebutton2\">Read More<\/a><\/p>\n","protected":false},"author":1,"featured_media":0,"parent":272,"menu_order":0,"comment_status":"closed","ping_status":"closed","template":"","meta":{"footnotes":""},"class_list":["post-27","page","type-page","status-publish","hentry"],"_links":{"self":[{"href":"https:\/\/ic-esimeculhuacan.mx\/metodologia\/wp-json\/wp\/v2\/pages\/27"}],"collection":[{"href":"https:\/\/ic-esimeculhuacan.mx\/metodologia\/wp-json\/wp\/v2\/pages"}],"about":[{"href":"https:\/\/ic-esimeculhuacan.mx\/metodologia\/wp-json\/wp\/v2\/types\/page"}],"author":[{"embeddable":true,"href":"https:\/\/ic-esimeculhuacan.mx\/metodologia\/wp-json\/wp\/v2\/users\/1"}],"replies":[{"embeddable":true,"href":"https:\/\/ic-esimeculhuacan.mx\/metodologia\/wp-json\/wp\/v2\/comments?post=27"}],"version-history":[{"count":12,"href":"https:\/\/ic-esimeculhuacan.mx\/metodologia\/wp-json\/wp\/v2\/pages\/27\/revisions"}],"predecessor-version":[{"id":447,"href":"https:\/\/ic-esimeculhuacan.mx\/metodologia\/wp-json\/wp\/v2\/pages\/27\/revisions\/447"}],"up":[{"embeddable":true,"href":"https:\/\/ic-esimeculhuacan.mx\/metodologia\/wp-json\/wp\/v2\/pages\/272"}],"wp:attachment":[{"href":"https:\/\/ic-esimeculhuacan.mx\/metodologia\/wp-json\/wp\/v2\/media?parent=27"}],"curies":[{"name":"wp","href":"https:\/\/api.w.org\/{rel}","templated":true}]}}