{"id":323,"date":"2020-08-14T01:51:38","date_gmt":"2020-08-14T06:51:38","guid":{"rendered":"https:\/\/ic-esimeculhuacan.net\/metodologia\/?page_id=323"},"modified":"2024-07-29T22:31:56","modified_gmt":"2024-07-30T03:31:56","slug":"presentacion","status":"publish","type":"page","link":"https:\/\/ic-esimeculhuacan.mx\/metodologia\/presentacion\/","title":{"rendered":"Diapositivas y Doc"},"content":{"rendered":"<p>La presentaci\u00f3n en diapositivas y documento es la parte central de tu calificaci\u00f3n<\/p>\n<p>&nbsp;<\/p>\n<p>Las secciones que debe contener tu presentaci\u00f3n son:<\/p>\n<ul>\n<li><strong><span style=\"color: #508a5c;\">portada<\/span><\/strong><\/li>\n<li><strong><span style=\"color: #508a5c;\">contenido<\/span><\/strong><\/li>\n<li><strong><span style=\"color: #508a5c;\">planteamiento del problema<\/span><\/strong><\/li>\n<li><strong><span style=\"color: #508a5c;\">objetivos<\/span><\/strong><\/li>\n<li><strong><span style=\"color: #508a5c;\">justificaci\u00f3n<\/span><\/strong><\/li>\n<li><strong><span style=\"color: #ff6600;\">marco te\u00f3rico<\/span><\/strong><\/li>\n<li><strong><span style=\"color: #ff6600;\">estado de arte<\/span><\/strong><\/li>\n<li><strong><span style=\"color: #61163c;\">propuesta de soluci\u00f3n<\/span><\/strong><\/li>\n<li><strong><span style=\"color: #61163c;\">referencias<\/span><\/strong><\/li>\n<\/ul>\n<p>&nbsp;<\/p>\n<p><strong><span style=\"color: #508a5c;\">Primer departamental\u00a0<\/span><\/strong>\u00a0 <strong><span style=\"color: #ff6600;\">Segundo departamental<\/span> <\/strong>\u00a0\u00a0\u00a0 <strong><span style=\"color: #61163c;\">Tercer departamental<\/span><\/strong><\/p>\n<p>&nbsp;<\/p>\n<p>En un documento de texto (word, writer, pages, latex, etc) pueden ir escribiendo cada secci\u00f3n y a\u00f1adirle im\u00e1genes diminutas. De ese documento extraen lo mas importante para sus diapositivas. El documento se entrega en formato PDF<\/p>\n<p>&nbsp;<\/p>\n<h2 style=\"text-align: center;\">Se entregan ambos para evaluaci\u00f3n <img loading=\"lazy\" decoding=\"async\" class=\"wp-image-45 aligncenter\" src=\"https:\/\/ic-esimeculhuacan.mx\/metodologia\/wp-content\/uploads\/2017\/08\/logo-1.png\" alt=\"\" width=\"116\" height=\"116\" srcset=\"https:\/\/ic-esimeculhuacan.mx\/metodologia\/wp-content\/uploads\/2017\/08\/logo-1.png 512w, https:\/\/ic-esimeculhuacan.mx\/metodologia\/wp-content\/uploads\/2017\/08\/logo-1-150x150.png 150w, https:\/\/ic-esimeculhuacan.mx\/metodologia\/wp-content\/uploads\/2017\/08\/logo-1-300x300.png 300w\" sizes=\"(max-width: 116px) 100vw, 116px\" \/><\/h2>\n","protected":false},"excerpt":{"rendered":"<p>La presentaci\u00f3n en diapositivas y documento es la parte central de tu calificaci\u00f3n &nbsp; Las secciones que debe contener tu presentaci\u00f3n son: portada contenido planteamiento del problema objetivos justificaci\u00f3n marco te\u00f3rico estado de arte propuesta de soluci\u00f3n referencias &nbsp; Primer departamental\u00a0\u00a0 Segundo departamental \u00a0\u00a0\u00a0 Tercer departamental &nbsp; En un documento de texto (word, writer, pages,&hellip;<\/p>\n<p class=\"more-link\"><a href=\"https:\/\/ic-esimeculhuacan.mx\/metodologia\/presentacion\/\" class=\"themebutton2\">Read More<\/a><\/p>\n","protected":false},"author":1,"featured_media":0,"parent":0,"menu_order":0,"comment_status":"closed","ping_status":"closed","template":"","meta":{"footnotes":""},"class_list":["post-323","page","type-page","status-publish","hentry"],"_links":{"self":[{"href":"https:\/\/ic-esimeculhuacan.mx\/metodologia\/wp-json\/wp\/v2\/pages\/323"}],"collection":[{"href":"https:\/\/ic-esimeculhuacan.mx\/metodologia\/wp-json\/wp\/v2\/pages"}],"about":[{"href":"https:\/\/ic-esimeculhuacan.mx\/metodologia\/wp-json\/wp\/v2\/types\/page"}],"author":[{"embeddable":true,"href":"https:\/\/ic-esimeculhuacan.mx\/metodologia\/wp-json\/wp\/v2\/users\/1"}],"replies":[{"embeddable":true,"href":"https:\/\/ic-esimeculhuacan.mx\/metodologia\/wp-json\/wp\/v2\/comments?post=323"}],"version-history":[{"count":6,"href":"https:\/\/ic-esimeculhuacan.mx\/metodologia\/wp-json\/wp\/v2\/pages\/323\/revisions"}],"predecessor-version":[{"id":452,"href":"https:\/\/ic-esimeculhuacan.mx\/metodologia\/wp-json\/wp\/v2\/pages\/323\/revisions\/452"}],"wp:attachment":[{"href":"https:\/\/ic-esimeculhuacan.mx\/metodologia\/wp-json\/wp\/v2\/media?parent=323"}],"curies":[{"name":"wp","href":"https:\/\/api.w.org\/{rel}","templated":true}]}}