{"id":33,"date":"2017-08-04T19:38:19","date_gmt":"2017-08-05T00:38:19","guid":{"rendered":"https:\/\/ic-esimeculhuacan.net\/metodologia\/?page_id=33"},"modified":"2024-07-29T22:36:06","modified_gmt":"2024-07-30T03:36:06","slug":"objetivos","status":"publish","type":"page","link":"https:\/\/ic-esimeculhuacan.mx\/metodologia\/contenidos-del-primer-departamental\/objetivos\/","title":{"rendered":"03. Objetivos"},"content":{"rendered":"<p style=\"text-align: center;\">Objetivo General y Objetivos Espec\u00edficos<\/p>\n<p><img loading=\"lazy\" decoding=\"async\" class=\"alignnone wp-image-34 aligncenter\" src=\"https:\/\/ic-esimeculhuacan.mx\/metodologia\/wp-content\/uploads\/2017\/08\/objetivos-300x200.jpg\" alt=\"\" width=\"204\" height=\"136\" srcset=\"https:\/\/ic-esimeculhuacan.mx\/metodologia\/wp-content\/uploads\/2017\/08\/objetivos-300x200.jpg 300w, https:\/\/ic-esimeculhuacan.mx\/metodologia\/wp-content\/uploads\/2017\/08\/objetivos-330x220.jpg 330w, https:\/\/ic-esimeculhuacan.mx\/metodologia\/wp-content\/uploads\/2017\/08\/objetivos.jpg 336w\" sizes=\"(max-width: 204px) 100vw, 204px\" \/><\/p>\n<p>&nbsp;<\/p>\n<p>La formulaci\u00f3n de objetivos es la respuesta del \u00bfPara qu\u00e9? de la investigaci\u00f3n.<\/p>\n<p>Muestra que es lo que se desea hacer en t\u00e9rminos de metas.<\/p>\n<p>Debe redactarse con verbos en infinitivo<\/p>\n<p><strong>Objetivo General<\/strong>: se formula atendiendo el prop\u00f3sito global del estudio, por lo cual es el objetivo principal de la investigaci\u00f3n. En cuanto a su contenido, el objetivo general no presenta detalles de los componentes del estudio, de all\u00ed que sus fines se orientan hacia la totalidad de la acci\u00f3n planteada.<\/p>\n<p><strong>Objetivos Espec\u00edficos<\/strong>: expresan los pasos para alcanzar el objetivo general<\/p>\n<p>&nbsp;<\/p>\n<p><strong>CUALIDADES DE LOS OBJETIVOS:<\/strong><\/p>\n<p>&#8211; El objetivo es orientador, ya que es el punto de referencia a partir del cual se desarrolla la investigaci\u00f3n y hacia cuyo logro, se dirigen todos los esfuerzos.<\/p>\n<p>&#8211; En la formulaci\u00f3n del objetivo deben quedar expresadas de forma sint\u00e9tica y general, las propiedades y cualidades del objeto de estudio de la investigaci\u00f3n que deben ser consideradas en la soluci\u00f3n del problema planteado.<\/p>\n<p>&#8211; Se expresa en sentido afirmativo; el objetivo es el resultado que se prev\u00e9 en la soluci\u00f3n del problema.<\/p>\n<p>&#8211; El objetivo debe quedar limitado a los recursos humanos y materiales con los que se cuenta para realizar la investigaci\u00f3n.<\/p>\n<p>&#8211; Debe ser evaluable; ya que la evaluaci\u00f3n de toda investigaci\u00f3n tiene que estar encaminada a la soluci\u00f3n o no del problema a resolver.<\/p>\n<p>&#8211; El objetivo est\u00e1 delimitado, en el proceso de investigaci\u00f3n cient\u00edfica, por el objeto de estudio.<\/p>\n<p>El objetivo delimita el campo de acci\u00f3n de la investigaci\u00f3n, ya que para alcanzarlo, el hombre abstrae s\u00f3lo aquellos elementos,\u00a0 aspectos, cualidades, propiedades, relaciones y leyes del objeto, que en su sistematizaci\u00f3n, le permitan desarrollar un proceso en que se debe alcanzar el objetivo.<\/p>\n<p>&nbsp;<\/p>\n<p style=\"text-align: right;\"><a href=\"https:\/\/ic-esimeculhuacan.mx\/metodologia\/protocolo-de-investigacion\/\"><img loading=\"lazy\" decoding=\"async\" class=\"alignright size-full wp-image-336\" src=\"https:\/\/ic-esimeculhuacan.mx\/metodologia\/wp-content\/uploads\/2020\/08\/irprotocolo.png\" alt=\"\" width=\"113\" height=\"81\" \/><\/a><\/p>\n","protected":false},"excerpt":{"rendered":"<p>Objetivo General y Objetivos Espec\u00edficos &nbsp; La formulaci\u00f3n de objetivos es la respuesta del \u00bfPara qu\u00e9? de la investigaci\u00f3n. Muestra que es lo que se desea hacer en t\u00e9rminos de metas. Debe redactarse con verbos en infinitivo Objetivo General: se formula atendiendo el prop\u00f3sito global del estudio, por lo cual es el objetivo principal de&hellip;<\/p>\n<p class=\"more-link\"><a href=\"https:\/\/ic-esimeculhuacan.mx\/metodologia\/contenidos-del-primer-departamental\/objetivos\/\" class=\"themebutton2\">Read More<\/a><\/p>\n","protected":false},"author":1,"featured_media":0,"parent":388,"menu_order":0,"comment_status":"closed","ping_status":"closed","template":"","meta":{"footnotes":""},"class_list":["post-33","page","type-page","status-publish","hentry"],"_links":{"self":[{"href":"https:\/\/ic-esimeculhuacan.mx\/metodologia\/wp-json\/wp\/v2\/pages\/33"}],"collection":[{"href":"https:\/\/ic-esimeculhuacan.mx\/metodologia\/wp-json\/wp\/v2\/pages"}],"about":[{"href":"https:\/\/ic-esimeculhuacan.mx\/metodologia\/wp-json\/wp\/v2\/types\/page"}],"author":[{"embeddable":true,"href":"https:\/\/ic-esimeculhuacan.mx\/metodologia\/wp-json\/wp\/v2\/users\/1"}],"replies":[{"embeddable":true,"href":"https:\/\/ic-esimeculhuacan.mx\/metodologia\/wp-json\/wp\/v2\/comments?post=33"}],"version-history":[{"count":13,"href":"https:\/\/ic-esimeculhuacan.mx\/metodologia\/wp-json\/wp\/v2\/pages\/33\/revisions"}],"predecessor-version":[{"id":455,"href":"https:\/\/ic-esimeculhuacan.mx\/metodologia\/wp-json\/wp\/v2\/pages\/33\/revisions\/455"}],"up":[{"embeddable":true,"href":"https:\/\/ic-esimeculhuacan.mx\/metodologia\/wp-json\/wp\/v2\/pages\/388"}],"wp:attachment":[{"href":"https:\/\/ic-esimeculhuacan.mx\/metodologia\/wp-json\/wp\/v2\/media?parent=33"}],"curies":[{"name":"wp","href":"https:\/\/api.w.org\/{rel}","templated":true}]}}