{"id":36,"date":"2017-08-04T19:54:02","date_gmt":"2017-08-05T00:54:02","guid":{"rendered":"https:\/\/ic-esimeculhuacan.net\/metodologia\/?page_id=36"},"modified":"2024-07-29T22:36:58","modified_gmt":"2024-07-30T03:36:58","slug":"justificacion-y-marco-teorico","status":"publish","type":"page","link":"https:\/\/ic-esimeculhuacan.mx\/metodologia\/contenidos-del-primer-departamental\/justificacion-y-marco-teorico\/","title":{"rendered":"04. Justificaci\u00f3n"},"content":{"rendered":"<p><img loading=\"lazy\" decoding=\"async\" class=\"wp-image-38 aligncenter\" src=\"https:\/\/ic-esimeculhuacan.mx\/metodologia\/wp-content\/uploads\/2017\/08\/f01-300x225.jpg\" alt=\"\" width=\"219\" height=\"164\" srcset=\"https:\/\/ic-esimeculhuacan.mx\/metodologia\/wp-content\/uploads\/2017\/08\/f01-300x225.jpg 300w, https:\/\/ic-esimeculhuacan.mx\/metodologia\/wp-content\/uploads\/2017\/08\/f01-768x576.jpg 768w, https:\/\/ic-esimeculhuacan.mx\/metodologia\/wp-content\/uploads\/2017\/08\/f01-640x480.jpg 640w, https:\/\/ic-esimeculhuacan.mx\/metodologia\/wp-content\/uploads\/2017\/08\/f01.jpg 800w\" sizes=\"(max-width: 219px) 100vw, 219px\" \/><\/p>\n<p>&nbsp;<\/p>\n<p>Esta secci\u00f3n est\u00e1 dirigida principalmente a los sinodales, explicando qu\u00e9 problema se est\u00e1 resolviendo, la utilidad pr\u00e1ctica del proyecto, qu\u00e9 ventajas tiene con respecto a otros parecidos.<\/p>\n<p>El proyecto debe estar justificado desde el punto de vista de la Ingenier\u00eda en Computaci\u00f3n y tenemos que demostrar que sus resultados son \u00fatiles para resolver el problema que se plante\u00f3.<\/p>\n<p>&nbsp;<\/p>\n<p>Demostrar que los resultados del proyecto pueden ser \u00fatiles para resolver un problema importante.<\/p>\n<p>Consiste en se\u00f1alar la importancia del proyecto<\/p>\n<ul>\n<li>En lo Social (quienes salen beneficiados)<\/li>\n<li>En lo Profesional (que habilidades y asignaturas de IC se emplearon en la realizaci\u00f3n)<\/li>\n<li>En lo Tecnol\u00f3gico (si solo es software, hardware o combinaci\u00f3n de ambas)<\/li>\n<\/ul>\n<p>&nbsp;<\/p>\n<a href=\"https:\/\/ic-esimeculhuacan.mx\/metodologia\/wp-content\/uploads\/2020\/08\/Justificacion.pdf\" class=\"pdfemb-viewer\" style=\"width: 600px; \" data-width=\"600\" data-height=\"max\"  data-toolbar=\"top\" data-toolbar-fixed=\"on\">Justificacion<br\/><\/a>\n<p>&nbsp;<\/p>\n<p>&nbsp;<\/p>\n<p style=\"text-align: right;\"><a href=\"https:\/\/ic-esimeculhuacan.mx\/metodologia\/protocolo-de-investigacion\/\"><img loading=\"lazy\" decoding=\"async\" class=\"alignright size-full wp-image-336\" src=\"https:\/\/ic-esimeculhuacan.mx\/metodologia\/wp-content\/uploads\/2020\/08\/irprotocolo.png\" alt=\"\" width=\"113\" height=\"81\" \/><\/a><\/p>\n","protected":false},"excerpt":{"rendered":"<p>&nbsp; Esta secci\u00f3n est\u00e1 dirigida principalmente a los sinodales, explicando qu\u00e9 problema se est\u00e1 resolviendo, la utilidad pr\u00e1ctica del proyecto, qu\u00e9 ventajas tiene con respecto a otros parecidos. El proyecto debe estar justificado desde el punto de vista de la Ingenier\u00eda en Computaci\u00f3n y tenemos que demostrar que sus resultados son \u00fatiles para resolver el&hellip;<\/p>\n<p class=\"more-link\"><a href=\"https:\/\/ic-esimeculhuacan.mx\/metodologia\/contenidos-del-primer-departamental\/justificacion-y-marco-teorico\/\" class=\"themebutton2\">Read More<\/a><\/p>\n","protected":false},"author":1,"featured_media":0,"parent":388,"menu_order":0,"comment_status":"closed","ping_status":"closed","template":"","meta":{"footnotes":""},"class_list":["post-36","page","type-page","status-publish","hentry"],"_links":{"self":[{"href":"https:\/\/ic-esimeculhuacan.mx\/metodologia\/wp-json\/wp\/v2\/pages\/36"}],"collection":[{"href":"https:\/\/ic-esimeculhuacan.mx\/metodologia\/wp-json\/wp\/v2\/pages"}],"about":[{"href":"https:\/\/ic-esimeculhuacan.mx\/metodologia\/wp-json\/wp\/v2\/types\/page"}],"author":[{"embeddable":true,"href":"https:\/\/ic-esimeculhuacan.mx\/metodologia\/wp-json\/wp\/v2\/users\/1"}],"replies":[{"embeddable":true,"href":"https:\/\/ic-esimeculhuacan.mx\/metodologia\/wp-json\/wp\/v2\/comments?post=36"}],"version-history":[{"count":14,"href":"https:\/\/ic-esimeculhuacan.mx\/metodologia\/wp-json\/wp\/v2\/pages\/36\/revisions"}],"predecessor-version":[{"id":456,"href":"https:\/\/ic-esimeculhuacan.mx\/metodologia\/wp-json\/wp\/v2\/pages\/36\/revisions\/456"}],"up":[{"embeddable":true,"href":"https:\/\/ic-esimeculhuacan.mx\/metodologia\/wp-json\/wp\/v2\/pages\/388"}],"wp:attachment":[{"href":"https:\/\/ic-esimeculhuacan.mx\/metodologia\/wp-json\/wp\/v2\/media?parent=36"}],"curies":[{"name":"wp","href":"https:\/\/api.w.org\/{rel}","templated":true}]}}