{"id":53,"date":"2017-08-04T19:55:20","date_gmt":"2017-08-05T00:55:20","guid":{"rendered":"https:\/\/ic-esimeculhuacan.net\/metodologia\/?page_id=53"},"modified":"2021-11-24T16:07:50","modified_gmt":"2021-11-24T22:07:50","slug":"estado-de-la-tecnologia","status":"publish","type":"page","link":"https:\/\/ic-esimeculhuacan.mx\/metodologia\/contenidos-del-segundo-departamental\/estado-de-la-tecnologia\/","title":{"rendered":"06. Estado de la Tecnolog\u00eda"},"content":{"rendered":"<p style=\"text-align: center;\">Conocido tambi\u00e9n como<\/p>\n<p style=\"text-align: center;\">Estado del Arte<\/p>\n<p><img loading=\"lazy\" decoding=\"async\" class=\" wp-image-50 aligncenter\" src=\"https:\/\/ic-esimeculhuacan.net\/metodologia\/wp-content\/uploads\/2017\/08\/tablets-300x169.jpg\" alt=\"\" width=\"222\" height=\"125\" srcset=\"https:\/\/ic-esimeculhuacan.mx\/metodologia\/wp-content\/uploads\/2017\/08\/tablets-300x169.jpg 300w, https:\/\/ic-esimeculhuacan.mx\/metodologia\/wp-content\/uploads\/2017\/08\/tablets-768x432.jpg 768w, https:\/\/ic-esimeculhuacan.mx\/metodologia\/wp-content\/uploads\/2017\/08\/tablets-1024x576.jpg 1024w, https:\/\/ic-esimeculhuacan.mx\/metodologia\/wp-content\/uploads\/2017\/08\/tablets.jpg 1280w\" sizes=\"(max-width: 222px) 100vw, 222px\" \/><\/p>\n<p>&nbsp;<\/p>\n<p>&nbsp;<\/p>\n<p>Esta secci\u00f3n es una peque\u00f1a investigaci\u00f3n te\u00f3rica acerca de qu\u00e9 personas han realizado proyectos parecidos al que proponemos, c\u00f3mo han resuelto un problema parecido al nuestro.<\/p>\n<p>Para encontrar este tipo de informaci\u00f3n se usan buscadores acad\u00e9micos, nosotros usamos el google acad\u00e9mico, donde podemos encontrar art\u00edculos cient\u00edficos, libros, tesis, ponencias, etc.<\/p>\n<p>En los proyectos de Ingenier\u00eda en computaci\u00f3n, el estado de arte se presenta en forma de tabla en las presentaciones.<\/p>\n<p>&nbsp;<\/p>\n<p style=\"text-align: center;\"><img loading=\"lazy\" decoding=\"async\" class=\"aligncenter wp-image-430 size-consulting-thinkup-column3-2\/3\" src=\"https:\/\/ic-esimeculhuacan.net\/metodologia\/wp-content\/uploads\/2021\/11\/EdoArte-380x254.jpg\" alt=\"\" width=\"380\" height=\"254\" \/><\/p>\n<p>&nbsp;<\/p>\n<p><a href=\"https:\/\/ic-esimeculhuacan.net\/metodologia\/protocolo-de-investigacion\/\"><img loading=\"lazy\" decoding=\"async\" class=\"alignright size-full wp-image-336\" src=\"https:\/\/ic-esimeculhuacan.net\/metodologia\/wp-content\/uploads\/2020\/08\/irprotocolo.png\" alt=\"\" width=\"113\" height=\"81\" \/><\/a><\/p>\n<p>&nbsp;<\/p>\n<p>&nbsp;<\/p>\n","protected":false},"excerpt":{"rendered":"<p>Conocido tambi\u00e9n como Estado del Arte &nbsp; &nbsp; Esta secci\u00f3n es una peque\u00f1a investigaci\u00f3n te\u00f3rica acerca de qu\u00e9 personas han realizado proyectos parecidos al que proponemos, c\u00f3mo han resuelto un problema parecido al nuestro. Para encontrar este tipo de informaci\u00f3n se usan buscadores acad\u00e9micos, nosotros usamos el google acad\u00e9mico, donde podemos encontrar art\u00edculos cient\u00edficos, libros,&hellip;<\/p>\n<p class=\"more-link\"><a href=\"https:\/\/ic-esimeculhuacan.mx\/metodologia\/contenidos-del-segundo-departamental\/estado-de-la-tecnologia\/\" class=\"themebutton2\">Read More<\/a><\/p>\n","protected":false},"author":1,"featured_media":0,"parent":392,"menu_order":0,"comment_status":"closed","ping_status":"closed","template":"","meta":{"footnotes":""},"class_list":["post-53","page","type-page","status-publish","hentry"],"_links":{"self":[{"href":"https:\/\/ic-esimeculhuacan.mx\/metodologia\/wp-json\/wp\/v2\/pages\/53"}],"collection":[{"href":"https:\/\/ic-esimeculhuacan.mx\/metodologia\/wp-json\/wp\/v2\/pages"}],"about":[{"href":"https:\/\/ic-esimeculhuacan.mx\/metodologia\/wp-json\/wp\/v2\/types\/page"}],"author":[{"embeddable":true,"href":"https:\/\/ic-esimeculhuacan.mx\/metodologia\/wp-json\/wp\/v2\/users\/1"}],"replies":[{"embeddable":true,"href":"https:\/\/ic-esimeculhuacan.mx\/metodologia\/wp-json\/wp\/v2\/comments?post=53"}],"version-history":[{"count":18,"href":"https:\/\/ic-esimeculhuacan.mx\/metodologia\/wp-json\/wp\/v2\/pages\/53\/revisions"}],"predecessor-version":[{"id":435,"href":"https:\/\/ic-esimeculhuacan.mx\/metodologia\/wp-json\/wp\/v2\/pages\/53\/revisions\/435"}],"up":[{"embeddable":true,"href":"https:\/\/ic-esimeculhuacan.mx\/metodologia\/wp-json\/wp\/v2\/pages\/392"}],"wp:attachment":[{"href":"https:\/\/ic-esimeculhuacan.mx\/metodologia\/wp-json\/wp\/v2\/media?parent=53"}],"curies":[{"name":"wp","href":"https:\/\/api.w.org\/{rel}","templated":true}]}}