{"id":62,"date":"2017-08-04T19:58:34","date_gmt":"2017-08-05T00:58:34","guid":{"rendered":"https:\/\/ic-esimeculhuacan.net\/metodologia\/?page_id=62"},"modified":"2021-10-02T16:06:12","modified_gmt":"2021-10-02T21:06:12","slug":"marco-teorico","status":"publish","type":"page","link":"https:\/\/ic-esimeculhuacan.mx\/metodologia\/contenidos-del-segundo-departamental\/marco-teorico\/","title":{"rendered":"05. Marco Te\u00f3rico"},"content":{"rendered":"<h3><img loading=\"lazy\" decoding=\"async\" class=\"alignnone wp-image-152 aligncenter\" src=\"https:\/\/ic-esimeculhuacan.net\/metodologia\/wp-content\/uploads\/2017\/08\/leyendojuntos-277x300.png\" alt=\"\" width=\"122\" height=\"132\" srcset=\"https:\/\/ic-esimeculhuacan.mx\/metodologia\/wp-content\/uploads\/2017\/08\/leyendojuntos-277x300.png 277w, https:\/\/ic-esimeculhuacan.mx\/metodologia\/wp-content\/uploads\/2017\/08\/leyendojuntos.png 300w\" sizes=\"(max-width: 122px) 100vw, 122px\" \/><\/h3>\n<h3><\/h3>\n<h3>Nos amplia la descripci\u00f3n del problema. Integra la teor\u00eda con la investigaci\u00f3n y sus relaciones mutuas<\/h3>\n<h3><strong><em>No puede haber un marco te\u00f3rico que no tenga relaci\u00f3n con el problema<\/em><\/strong>.<\/h3>\n<ul>\n<li>\n<h3>Teor\u00edas computacionales { involucradas en la realizaci\u00f3n del proyecto, explicando el enfoque tecnol\u00f3gico de la propuesta de soluci\u00f3n}<\/h3>\n<\/li>\n<li>\n<h3>Bases te\u00f3ricas de las tecnolog\u00edas a utilizar {elementos te\u00f3ricos para fundamentar el desarrollo del proyecto}<\/h3>\n<\/li>\n<li>\n<h3 style=\"text-align: left;\">Definiciones conceptuales poco conocidas {algunos conceptos involucrados en las variables de investigaci\u00f3n. No son definici\u00f3n de t\u00e9rminos, es definici\u00f3n de conceptos aplicados a nuestro proyecto y como se aplicaron}<\/h3>\n<\/li>\n<\/ul>\n<h3><\/h3>\n<h3><\/h3>\n<h3 style=\"text-align: right;\"><a href=\"https:\/\/ic-esimeculhuacan.net\/metodologia\/protocolo-de-investigacion\/\"><img loading=\"lazy\" decoding=\"async\" class=\"alignright size-full wp-image-336\" src=\"https:\/\/ic-esimeculhuacan.net\/metodologia\/wp-content\/uploads\/2020\/08\/irprotocolo.png\" alt=\"\" width=\"113\" height=\"81\" \/><\/a><\/h3>\n","protected":false},"excerpt":{"rendered":"<p>Nos amplia la descripci\u00f3n del problema. Integra la teor\u00eda con la investigaci\u00f3n y sus relaciones mutuas No puede haber un marco te\u00f3rico que no tenga relaci\u00f3n con el problema. Teor\u00edas computacionales { involucradas en la realizaci\u00f3n del proyecto, explicando el enfoque tecnol\u00f3gico de la propuesta de soluci\u00f3n} Bases te\u00f3ricas de las tecnolog\u00edas a utilizar {elementos&hellip;<\/p>\n<p class=\"more-link\"><a href=\"https:\/\/ic-esimeculhuacan.mx\/metodologia\/contenidos-del-segundo-departamental\/marco-teorico\/\" class=\"themebutton2\">Read More<\/a><\/p>\n","protected":false},"author":1,"featured_media":0,"parent":392,"menu_order":0,"comment_status":"closed","ping_status":"closed","template":"","meta":{"footnotes":""},"class_list":["post-62","page","type-page","status-publish","hentry"],"_links":{"self":[{"href":"https:\/\/ic-esimeculhuacan.mx\/metodologia\/wp-json\/wp\/v2\/pages\/62"}],"collection":[{"href":"https:\/\/ic-esimeculhuacan.mx\/metodologia\/wp-json\/wp\/v2\/pages"}],"about":[{"href":"https:\/\/ic-esimeculhuacan.mx\/metodologia\/wp-json\/wp\/v2\/types\/page"}],"author":[{"embeddable":true,"href":"https:\/\/ic-esimeculhuacan.mx\/metodologia\/wp-json\/wp\/v2\/users\/1"}],"replies":[{"embeddable":true,"href":"https:\/\/ic-esimeculhuacan.mx\/metodologia\/wp-json\/wp\/v2\/comments?post=62"}],"version-history":[{"count":14,"href":"https:\/\/ic-esimeculhuacan.mx\/metodologia\/wp-json\/wp\/v2\/pages\/62\/revisions"}],"predecessor-version":[{"id":414,"href":"https:\/\/ic-esimeculhuacan.mx\/metodologia\/wp-json\/wp\/v2\/pages\/62\/revisions\/414"}],"up":[{"embeddable":true,"href":"https:\/\/ic-esimeculhuacan.mx\/metodologia\/wp-json\/wp\/v2\/pages\/392"}],"wp:attachment":[{"href":"https:\/\/ic-esimeculhuacan.mx\/metodologia\/wp-json\/wp\/v2\/media?parent=62"}],"curies":[{"name":"wp","href":"https:\/\/api.w.org\/{rel}","templated":true}]}}