{"id":93,"date":"2017-08-04T21:56:25","date_gmt":"2017-08-04T21:56:25","guid":{"rendered":"https:\/\/ic-esimeculhuacan.net\/metodologia\/?page_id=93"},"modified":"2024-07-30T02:00:48","modified_gmt":"2024-07-30T07:00:48","slug":"protocolo-de-investigacion","status":"publish","type":"page","link":"https:\/\/ic-esimeculhuacan.mx\/metodologia\/protocolo-de-investigacion\/","title":{"rendered":"Protocolo de Investigaci\u00f3n"},"content":{"rendered":"<p style=\"padding-left: 80px;\"><img loading=\"lazy\" decoding=\"async\" class=\"aligncenter size-medium wp-image-460\" src=\"https:\/\/ic-esimeculhuacan.mx\/metodologia\/wp-content\/uploads\/2024\/07\/ProtocoloMi2024-300x264.png\" alt=\"\" width=\"300\" height=\"264\" srcset=\"https:\/\/ic-esimeculhuacan.mx\/metodologia\/wp-content\/uploads\/2024\/07\/ProtocoloMi2024-300x264.png 300w, https:\/\/ic-esimeculhuacan.mx\/metodologia\/wp-content\/uploads\/2024\/07\/ProtocoloMi2024.png 650w\" sizes=\"(max-width: 300px) 100vw, 300px\" \/><br \/>\nExplicaci\u00f3n de cada punto:<\/p>\n<ol>\n<li style=\"list-style-type: none;\">\n<ol>\n<li style=\"list-style-type: none;\">\n<ol>\n<li><a href=\"https:\/\/ic-esimeculhuacan.mx\/metodologia\/protocolo-de-investigacion\/01-titulo\/\">Titulo<\/a><\/li>\n<li><a href=\"https:\/\/ic-esimeculhuacan.mx\/metodologia\/protocolo-de-investigacion\/el-problema\/\">Planteamiento del Problema<\/a><\/li>\n<li><a href=\"https:\/\/ic-esimeculhuacan.mx\/metodologia\/protocolo-de-investigacion\/objetivos\/\">Objetivos<\/a><\/li>\n<li><a href=\"https:\/\/ic-esimeculhuacan.mx\/metodologia\/protocolo-de-investigacion\/lya\/\">L\u00edmites y Alcances<\/a><\/li>\n<li><a href=\"https:\/\/ic-esimeculhuacan.mx\/metodologia\/protocolo-de-investigacion\/justificacion-y-marco-teorico\/\">Justificaci\u00f3n<\/a><\/li>\n<li><a href=\"https:\/\/ic-esimeculhuacan.mx\/metodologia\/protocolo-de-investigacion\/marco-teorico\/\">Marco Te\u00f3rico<\/a><\/li>\n<li><a href=\"https:\/\/ic-esimeculhuacan.mx\/metodologia\/protocolo-de-investigacion\/estado-de-la-tecnologia\/\">Estado del Arte\u00a0<\/a><\/li>\n<li><a href=\"https:\/\/ic-esimeculhuacan.mx\/metodologia\/protocolo-de-investigacion\/metodo-de-ingenieria\/\">Diagrama de funcionamiento<\/a><\/li>\n<li><a href=\"https:\/\/ic-esimeculhuacan.mx\/metodologia\/protocolo-de-investigacion\/referencias\/\">Referencias<\/a><\/li>\n<li><a href=\"https:\/\/ic-esimeculhuacan.mx\/metodologia\/protocolo-de-investigacion\/gracias\/\">Gracias con foto de integrantes<\/a><\/li>\n<\/ol>\n<\/li>\n<\/ol>\n<\/li>\n<\/ol>\n<p>&nbsp;<\/p>\n","protected":false},"excerpt":{"rendered":"<p>Explicaci\u00f3n de cada punto: Titulo Planteamiento del Problema Objetivos L\u00edmites y Alcances Justificaci\u00f3n Marco Te\u00f3rico Estado del Arte\u00a0 Diagrama de funcionamiento Referencias Gracias con foto de integrantes &nbsp;<\/p>\n","protected":false},"author":1,"featured_media":0,"parent":0,"menu_order":0,"comment_status":"closed","ping_status":"closed","template":"","meta":{"footnotes":""},"class_list":["post-93","page","type-page","status-publish","hentry"],"_links":{"self":[{"href":"https:\/\/ic-esimeculhuacan.mx\/metodologia\/wp-json\/wp\/v2\/pages\/93"}],"collection":[{"href":"https:\/\/ic-esimeculhuacan.mx\/metodologia\/wp-json\/wp\/v2\/pages"}],"about":[{"href":"https:\/\/ic-esimeculhuacan.mx\/metodologia\/wp-json\/wp\/v2\/types\/page"}],"author":[{"embeddable":true,"href":"https:\/\/ic-esimeculhuacan.mx\/metodologia\/wp-json\/wp\/v2\/users\/1"}],"replies":[{"embeddable":true,"href":"https:\/\/ic-esimeculhuacan.mx\/metodologia\/wp-json\/wp\/v2\/comments?post=93"}],"version-history":[{"count":21,"href":"https:\/\/ic-esimeculhuacan.mx\/metodologia\/wp-json\/wp\/v2\/pages\/93\/revisions"}],"predecessor-version":[{"id":471,"href":"https:\/\/ic-esimeculhuacan.mx\/metodologia\/wp-json\/wp\/v2\/pages\/93\/revisions\/471"}],"wp:attachment":[{"href":"https:\/\/ic-esimeculhuacan.mx\/metodologia\/wp-json\/wp\/v2\/media?parent=93"}],"curies":[{"name":"wp","href":"https:\/\/api.w.org\/{rel}","templated":true}]}}